{"id":27399,"date":"2025-02-01T19:01:47","date_gmt":"2025-02-01T18:01:47","guid":{"rendered":"https:\/\/academy.vg\/soutenez-van-gogh-academy\/"},"modified":"2026-05-07T10:15:25","modified_gmt":"2026-05-07T08:15:25","slug":"soutenez-nous","status":"publish","type":"page","link":"https:\/\/academy.vg\/fr\/soutenez-nous\/","title":{"rendered":"Soutenez-nous"},"content":{"rendered":"<div class=\"fusion-fullwidth fullwidth-box fusion-builder-row-1 fusion-flex-container has-pattern-background has-mask-background nonhundred-percent-fullwidth non-hundred-percent-height-scrolling\" style=\"--awb-border-radius-top-left:0px;--awb-border-radius-top-right:0px;--awb-border-radius-bottom-right:0px;--awb-border-radius-bottom-left:0px;--awb-flex-wrap:wrap;\" ><div class=\"fusion-builder-row fusion-row fusion-flex-align-items-flex-start fusion-flex-justify-content-center fusion-flex-content-wrap\" style=\"max-width:93.6%;margin-left: calc(-4% \/ 2 );margin-right: calc(-4% \/ 2 );\"><div class=\"fusion-layout-column fusion_builder_column fusion-builder-column-0 fusion_builder_column_2_5 2_5 fusion-flex-column\" style=\"--awb-bg-size:cover;--awb-width-large:40%;--awb-margin-top-large:0px;--awb-spacing-right-large:4.8%;--awb-margin-bottom-large:20px;--awb-spacing-left-large:4.8%;--awb-width-medium:40%;--awb-order-medium:0;--awb-spacing-right-medium:4.8%;--awb-spacing-left-medium:4.8%;--awb-width-small:100%;--awb-order-small:0;--awb-spacing-right-small:1.92%;--awb-spacing-left-small:1.92%;\" data-scroll-devices=\"small-visibility,medium-visibility,large-visibility\"><div class=\"fusion-column-wrapper fusion-column-has-shadow fusion-flex-justify-content-flex-start fusion-content-layout-column\"><div class=\"fusion-title title fusion-title-1 fusion-title-text fusion-title-size-two\" style=\"--awb-text-color:var(--awb-color5);--awb-font-size:32px;\"><div class=\"title-sep-container title-sep-container-left fusion-no-large-visibility fusion-no-medium-visibility fusion-no-small-visibility\"><div class=\"title-sep sep- sep-solid\" style=\"border-color:#e0dede;\"><\/div><\/div><span class=\"awb-title-spacer fusion-no-large-visibility fusion-no-medium-visibility fusion-no-small-visibility\"><\/span><h2 class=\"fusion-title-heading title-heading-left fusion-responsive-typography-calculated\" style=\"font-family:&quot;Garalda Bold&quot;;font-style:normal;font-weight:400;margin:0;text-transform:none;font-size:1em;--fontSize:32;line-height:1.5;\">Pr\u00e9server notre ind\u00e9pendance<\/h2><span class=\"awb-title-spacer\"><\/span><div class=\"title-sep-container title-sep-container-right\"><div class=\"title-sep sep- sep-solid\" style=\"border-color:#e0dede;\"><\/div><\/div><\/div><div class=\"fusion-text fusion-text-1\" style=\"--awb-content-alignment:justify;--awb-font-size:20px;--awb-text-color:var(--awb-color5);--awb-text-font-family:&quot;Mr Eaves XL Sans Regular&quot;;--awb-text-font-style:normal;--awb-text-font-weight:400;\"><p>Aidez-nous \u00e0 pr\u00e9server et \u00e0 enrichir l\u2019h\u00e9ritage de Vincent van Gogh. Votre adh\u00e9sion, vos contributions ou vos dons nous permettent de faire de nouvelles d\u00e9couvertes, de prot\u00e9ger des documents rares et de partager nos connaissances \u00e0 travers le monde.<\/p>\n<p>Votre soutien garantit \u00e9galement notre ind\u00e9pendance, ce qui est essentiel \u00e0 une \u00e9poque marqu\u00e9e par la d\u00e9sinformation et la prolif\u00e9ration des th\u00e9ories du complot. Nous ne traitons pas toutes les recherches de la m\u00eame mani\u00e8re : nous nous engageons \u00e0 respecter les normes les plus strictes et \u00e0 obtenir les r\u00e9sultats les plus fiables gr\u00e2ce \u00e0 des sources dignes de confiance, des m\u00e9thodes rigoureuses et des outils de pointe.<\/p>\n<p>Ensemble, nous faisons revivre l\u2019histoire de Van Gogh &#8211; une touche de pinceau, une lettre et une d\u00e9couverte \u00e0 la fois. Rejoignez-nous dans cette aventure. Soutenez la Van Gogh Academy d\u00e8s aujourd\u2019hui !<\/p>\n<\/div><\/div><\/div><div class=\"fusion-layout-column fusion_builder_column fusion-builder-column-1 fusion_builder_column_1_2 1_2 fusion-flex-column\" style=\"--awb-padding-top:20px;--awb-padding-right:20px;--awb-padding-bottom:20px;--awb-padding-left:20px;--awb-bg-color:#f8f8fb;--awb-bg-color-hover:#f8f8fb;--awb-bg-size:cover;--awb-width-large:50%;--awb-margin-top-large:0px;--awb-spacing-right-large:3.84%;--awb-margin-bottom-large:20px;--awb-spacing-left-large:2.56%;--awb-width-medium:66.666666666667%;--awb-order-medium:0;--awb-spacing-right-medium:2.88%;--awb-spacing-left-medium:1.92%;--awb-width-small:100%;--awb-order-small:0;--awb-spacing-right-small:1.92%;--awb-spacing-left-small:1.28%;\" data-scroll-devices=\"small-visibility,medium-visibility,large-visibility\"><div class=\"fusion-column-wrapper fusion-column-has-shadow fusion-flex-justify-content-flex-start fusion-content-layout-column\"><div class='root-data-givewp-embed' data-form-locale='fr_FR' data-form-url='https:\/\/academy.vg\/?post_type=give_forms&amp;p=32681' data-form-view-url='https:\/\/academy.vg\/fr\/?givewp-route=donation-form-view&amp;form-id=32681' data-src='https:\/\/academy.vg\/fr\/?givewp-route=donation-form-view&amp;form-id=32681' data-givewp-embed-id='give-form-shortcode-1' data-form-format='' data-open-form-button='Faire un don' style='--givewp-primary-color: #000a32; --givewp-secondary-color: #fcca03;'><\/div><\/div><\/div><\/div><\/div>\n","protected":false},"excerpt":{"rendered":"","protected":false},"author":1,"featured_media":33337,"parent":0,"menu_order":6,"comment_status":"closed","ping_status":"closed","template":"","meta":{"give_campaign_id":0,"_price":"","_stock":"","_tribe_ticket_header":"","_tribe_default_ticket_provider":"","_tribe_ticket_capacity":"0","_ticket_start_date":"","_ticket_end_date":"","_tribe_ticket_show_description":"","_tribe_ticket_show_not_going":false,"_tribe_ticket_use_global_stock":"","_tribe_ticket_global_stock_level":"","_global_stock_mode":"","_global_stock_cap":"","_tribe_rsvp_for_event":"","_tribe_ticket_going_count":"","_tribe_ticket_not_going_count":"","_tribe_tickets_list":"[]","_tribe_ticket_has_attendee_info_fields":false,"footnotes":""},"class_list":["post-27399","page","type-page","status-publish","has-post-thumbnail","hentry"],"yoast_head":"<!-- This site is optimized with the Yoast SEO plugin v27.5 - https:\/\/yoast.com\/product\/yoast-seo-wordpress\/ -->\n<title>Soutenez-nous - Van Gogh Academy<\/title>\n<meta name=\"robots\" content=\"index, follow, max-snippet:-1, max-image-preview:large, max-video-preview:-1\" \/>\n<link rel=\"canonical\" href=\"https:\/\/academy.vg\/fr\/soutenez-nous\/\" \/>\n<meta property=\"og:locale\" content=\"fr_FR\" \/>\n<meta property=\"og:type\" content=\"article\" \/>\n<meta property=\"og:title\" content=\"Soutenez-nous - Van Gogh Academy\" \/>\n<meta property=\"og:url\" content=\"https:\/\/academy.vg\/fr\/soutenez-nous\/\" \/>\n<meta property=\"og:site_name\" content=\"Van Gogh Academy\" \/>\n<meta property=\"article:modified_time\" content=\"2026-05-07T08:15:25+00:00\" \/>\n<meta property=\"og:image\" content=\"https:\/\/academy.vg\/wp-content\/uploads\/2026\/02\/Soutien-e1770945773697.jpg\" \/>\n\t<meta property=\"og:image:width\" content=\"1778\" \/>\n\t<meta property=\"og:image:height\" content=\"380\" \/>\n\t<meta property=\"og:image:type\" content=\"image\/jpeg\" \/>\n<meta name=\"twitter:card\" content=\"summary_large_image\" \/>\n<meta name=\"twitter:label1\" content=\"Dur\u00e9e de lecture estim\u00e9e\" \/>\n\t<meta name=\"twitter:data1\" content=\"1 minute\" \/>\n<script type=\"application\/ld+json\" class=\"yoast-schema-graph\">{\"@context\":\"https:\\\/\\\/schema.org\",\"@graph\":[{\"@type\":\"WebPage\",\"@id\":\"https:\\\/\\\/academy.vg\\\/fr\\\/soutenez-nous\\\/\",\"url\":\"https:\\\/\\\/academy.vg\\\/fr\\\/soutenez-nous\\\/\",\"name\":\"Soutenez-nous - Van Gogh Academy\",\"isPartOf\":{\"@id\":\"https:\\\/\\\/academy.vg\\\/fr\\\/#website\"},\"primaryImageOfPage\":{\"@id\":\"https:\\\/\\\/academy.vg\\\/fr\\\/soutenez-nous\\\/#primaryimage\"},\"image\":{\"@id\":\"https:\\\/\\\/academy.vg\\\/fr\\\/soutenez-nous\\\/#primaryimage\"},\"thumbnailUrl\":\"https:\\\/\\\/academy.vg\\\/wp-content\\\/uploads\\\/2026\\\/02\\\/Soutien-e1770945773697.jpg\",\"datePublished\":\"2025-02-01T18:01:47+00:00\",\"dateModified\":\"2026-05-07T08:15:25+00:00\",\"inLanguage\":\"fr-FR\",\"potentialAction\":[{\"@type\":\"ReadAction\",\"target\":[\"https:\\\/\\\/academy.vg\\\/fr\\\/soutenez-nous\\\/\"]}]},{\"@type\":\"ImageObject\",\"inLanguage\":\"fr-FR\",\"@id\":\"https:\\\/\\\/academy.vg\\\/fr\\\/soutenez-nous\\\/#primaryimage\",\"url\":\"https:\\\/\\\/academy.vg\\\/wp-content\\\/uploads\\\/2026\\\/02\\\/Soutien-e1770945773697.jpg\",\"contentUrl\":\"https:\\\/\\\/academy.vg\\\/wp-content\\\/uploads\\\/2026\\\/02\\\/Soutien-e1770945773697.jpg\",\"width\":1778,\"height\":380},{\"@type\":\"WebSite\",\"@id\":\"https:\\\/\\\/academy.vg\\\/fr\\\/#website\",\"url\":\"https:\\\/\\\/academy.vg\\\/fr\\\/\",\"name\":\"The Van Gogh Academy\",\"description\":\"Des racines aux \u00e9toiles\",\"potentialAction\":[{\"@type\":\"SearchAction\",\"target\":{\"@type\":\"EntryPoint\",\"urlTemplate\":\"https:\\\/\\\/academy.vg\\\/fr\\\/?s={search_term_string}\"},\"query-input\":{\"@type\":\"PropertyValueSpecification\",\"valueRequired\":true,\"valueName\":\"search_term_string\"}}],\"inLanguage\":\"fr-FR\"}]}<\/script>\n<!-- \/ Yoast SEO plugin. -->","yoast_head_json":{"title":"Soutenez-nous - Van Gogh Academy","robots":{"index":"index","follow":"follow","max-snippet":"max-snippet:-1","max-image-preview":"max-image-preview:large","max-video-preview":"max-video-preview:-1"},"canonical":"https:\/\/academy.vg\/fr\/soutenez-nous\/","og_locale":"fr_FR","og_type":"article","og_title":"Soutenez-nous - Van Gogh Academy","og_url":"https:\/\/academy.vg\/fr\/soutenez-nous\/","og_site_name":"Van Gogh Academy","article_modified_time":"2026-05-07T08:15:25+00:00","og_image":[{"width":1778,"height":380,"url":"https:\/\/academy.vg\/wp-content\/uploads\/2026\/02\/Soutien-e1770945773697.jpg","type":"image\/jpeg"}],"twitter_card":"summary_large_image","twitter_misc":{"Dur\u00e9e de lecture estim\u00e9e":"1 minute"},"schema":{"@context":"https:\/\/schema.org","@graph":[{"@type":"WebPage","@id":"https:\/\/academy.vg\/fr\/soutenez-nous\/","url":"https:\/\/academy.vg\/fr\/soutenez-nous\/","name":"Soutenez-nous - Van Gogh Academy","isPartOf":{"@id":"https:\/\/academy.vg\/fr\/#website"},"primaryImageOfPage":{"@id":"https:\/\/academy.vg\/fr\/soutenez-nous\/#primaryimage"},"image":{"@id":"https:\/\/academy.vg\/fr\/soutenez-nous\/#primaryimage"},"thumbnailUrl":"https:\/\/academy.vg\/wp-content\/uploads\/2026\/02\/Soutien-e1770945773697.jpg","datePublished":"2025-02-01T18:01:47+00:00","dateModified":"2026-05-07T08:15:25+00:00","inLanguage":"fr-FR","potentialAction":[{"@type":"ReadAction","target":["https:\/\/academy.vg\/fr\/soutenez-nous\/"]}]},{"@type":"ImageObject","inLanguage":"fr-FR","@id":"https:\/\/academy.vg\/fr\/soutenez-nous\/#primaryimage","url":"https:\/\/academy.vg\/wp-content\/uploads\/2026\/02\/Soutien-e1770945773697.jpg","contentUrl":"https:\/\/academy.vg\/wp-content\/uploads\/2026\/02\/Soutien-e1770945773697.jpg","width":1778,"height":380},{"@type":"WebSite","@id":"https:\/\/academy.vg\/fr\/#website","url":"https:\/\/academy.vg\/fr\/","name":"The Van Gogh Academy","description":"Des racines aux \u00e9toiles","potentialAction":[{"@type":"SearchAction","target":{"@type":"EntryPoint","urlTemplate":"https:\/\/academy.vg\/fr\/?s={search_term_string}"},"query-input":{"@type":"PropertyValueSpecification","valueRequired":true,"valueName":"search_term_string"}}],"inLanguage":"fr-FR"}]}},"campaignId":"","_links":{"self":[{"href":"https:\/\/academy.vg\/fr\/wp-json\/wp\/v2\/pages\/27399","targetHints":{"allow":["GET"]}}],"collection":[{"href":"https:\/\/academy.vg\/fr\/wp-json\/wp\/v2\/pages"}],"about":[{"href":"https:\/\/academy.vg\/fr\/wp-json\/wp\/v2\/types\/page"}],"author":[{"embeddable":true,"href":"https:\/\/academy.vg\/fr\/wp-json\/wp\/v2\/users\/1"}],"replies":[{"embeddable":true,"href":"https:\/\/academy.vg\/fr\/wp-json\/wp\/v2\/comments?post=27399"}],"version-history":[{"count":21,"href":"https:\/\/academy.vg\/fr\/wp-json\/wp\/v2\/pages\/27399\/revisions"}],"predecessor-version":[{"id":34266,"href":"https:\/\/academy.vg\/fr\/wp-json\/wp\/v2\/pages\/27399\/revisions\/34266"}],"wp:featuredmedia":[{"embeddable":true,"href":"https:\/\/academy.vg\/fr\/wp-json\/wp\/v2\/media\/33337"}],"wp:attachment":[{"href":"https:\/\/academy.vg\/fr\/wp-json\/wp\/v2\/media?parent=27399"}],"curies":[{"name":"wp","href":"https:\/\/api.w.org\/{rel}","templated":true}]}}