{"id":12813,"date":"2016-07-21T20:22:42","date_gmt":"2016-07-21T18:22:42","guid":{"rendered":"https:\/\/academy.vg\/?page_id=12813"},"modified":"2025-03-10T10:37:26","modified_gmt":"2025-03-10T09:37:26","slug":"mentions-legales","status":"publish","type":"page","link":"https:\/\/academy.vg\/fr\/mentions-legales\/","title":{"rendered":"Mentions l\u00e9gales"},"content":{"rendered":"<div class=\"fusion-fullwidth fullwidth-box fusion-builder-row-1 fusion-flex-container hundred-percent-fullwidth non-hundred-percent-height-scrolling\" style=\"--awb-border-radius-top-left:0px;--awb-border-radius-top-right:0px;--awb-border-radius-bottom-right:0px;--awb-border-radius-bottom-left:0px;--awb-overflow:visible;--awb-flex-wrap:wrap;\" ><div class=\"fusion-builder-row fusion-row fusion-flex-align-items-flex-start fusion-flex-content-wrap\" style=\"width:104% !important;max-width:104% !important;margin-left: calc(-4% \/ 2 );margin-right: calc(-4% \/ 2 );\"><div class=\"fusion-layout-column fusion_builder_column fusion-builder-column-0 fusion_builder_column_1_1 1_1 fusion-flex-column fusion-flex-align-self-flex-start fusion-column-no-min-height\" style=\"--awb-bg-size:cover;--awb-width-large:100%;--awb-margin-top-large:0px;--awb-spacing-right-large:1.92%;--awb-margin-bottom-large:0px;--awb-spacing-left-large:1.92%;--awb-width-medium:100%;--awb-spacing-right-medium:1.92%;--awb-spacing-left-medium:1.92%;--awb-width-small:100%;--awb-spacing-right-small:1.92%;--awb-spacing-left-small:1.92%;\"><div class=\"fusion-column-wrapper fusion-flex-justify-content-flex-start fusion-content-layout-column\"><div class=\"fusion-text fusion-text-1\"><\/div><div class=\"fusion-text fusion-text-2\"><p><strong>Editeur : <\/strong>The Van Gogh Academy<br \/>\n<strong>Domicili\u00e9<\/strong> : 1 rue Fran\u00e7ois Mitterrand 95430 Auvers-sur-Oise FRANCE<br \/>\n<strong>Directeur de la publication :<\/strong> Wouter van der Veen<br \/>\n<strong>E mail : <\/strong><a href=\"mailto:info@academy.vg\">info@academy.vg<\/a> <span id=\"cloak82947\"><\/span><br \/>\nThe Van Gogh Academy est inscrite au Registre National des Associations n\u00b0W953013492<\/p>\n<p><strong>R\u00e9alisation du site Internet :<\/strong><br \/>\nSinging Dodo<br \/>\n6 rue Jean Calvin<br \/>\n80000 Amiens<br \/>\n<a href=\"https:\/\/www.singingdodo.com\" target=\"_blank\" rel=\"noopener\">www.singingdodo.com<\/a><\/p>\n<p><strong>H\u00e9bergement :<\/strong><br \/>\nOVH<br \/>\nRCS Roubaix \u2013 Tourcoing 424 761 419 00045 Code APE 6202A<br \/>\nN\u00b0 TVA : FR 22 424 761 419<br \/>\nSi\u00e8ge social : 2 rue Kellermann &#8211; 59100 Roubaix &#8211; France<\/p>\n<p><strong>Copyright :<\/strong><\/p>\n<p>L&rsquo;utilisation de ce site exprime votre consentement sur les conditions d&rsquo;utilisation. Si vous n&rsquo;acceptez pas ces conditions, veuillez vous abstenir d&rsquo;utiliser ce site. Le contenu de ce site (notamment donn\u00e9es, informations, illustrations, etc. &#8230;) est prot\u00e9g\u00e9 par droit d&rsquo;auteur et autres droits de propri\u00e9t\u00e9 intellectuelle. Toute reproduction ou repr\u00e9sentation totale ou partielle de ce site par quelque proc\u00e9d\u00e9 que ce soit, sans autorisation expresse, est interdite et constituerait une contrefa\u00e7on sanctionn\u00e9e par les articles L.335-2 et suivants du Code de la propri\u00e9t\u00e9 intellectuelle.<\/p>\n<p>Toute reproduction totale ou partielle des logos, images, scripts, code HTML, balises meta effectu\u00e9e \u00e0 partir des \u00e9l\u00e9ments du site sans notre autorisation expresse est prohib\u00e9e au sens de l&rsquo;article L.713-2 du Code de la propri\u00e9t\u00e9 intellectuelle.<\/p>\n<p>Toute copie, reproduction, diffusion, int\u00e9grale ou partielle, du contenu du site par quelque proc\u00e9d\u00e9 que ce soit est illicite \u00e0 l&rsquo;exception d&rsquo;une unique copie sur un seul ordinateur et r\u00e9serv\u00e9e \u00e0 l&rsquo;usage exclusivement priv\u00e9 du copiste.<\/p>\n<p>Les \u00e9l\u00e9ments pr\u00e9sent\u00e9s dans ce site sont susceptibles de modification sans pr\u00e9avis et sont mis \u00e0 disposition sans aucune garantie, expresse ou implicite, d&rsquo;aucune sorte et ne peuvent donner lieu \u00e0 un quelconque droit \u00e0 d\u00e9dommagement.<\/p>\n<p>Il appartient \u00e0 l&rsquo;utilisateur de ce site de prendre toutes les mesures appropri\u00e9es de fa\u00e7on \u00e0 prot\u00e9ger ses propres donn\u00e9es et\/ou logiciels de la contamination par des \u00e9ventuels virus circulant sur le r\u00e9seau Internet.<\/p>\n<\/div><\/div><\/div><\/div><\/div>\n","protected":false},"excerpt":{"rendered":"","protected":false},"author":1,"featured_media":0,"parent":0,"menu_order":30,"comment_status":"closed","ping_status":"closed","template":"","meta":{"give_campaign_id":0,"_price":"","_stock":"","_tribe_ticket_header":"","_tribe_default_ticket_provider":"Tribe__Tickets_Plus__Commerce__WooCommerce__Main","_tribe_ticket_capacity":"0","_ticket_start_date":"","_ticket_end_date":"","_tribe_ticket_show_description":"","_tribe_ticket_show_not_going":false,"_tribe_ticket_use_global_stock":"","_tribe_ticket_global_stock_level":"","_global_stock_mode":"","_global_stock_cap":"","_tribe_rsvp_for_event":"","_tribe_ticket_going_count":"","_tribe_ticket_not_going_count":"","_tribe_tickets_list":"[]","_tribe_ticket_has_attendee_info_fields":false,"footnotes":""},"class_list":["post-12813","page","type-page","status-publish","hentry"],"yoast_head":"<!-- This site is optimized with the Yoast SEO plugin v27.3 - https:\/\/yoast.com\/product\/yoast-seo-wordpress\/ -->\n<title>Mentions l\u00e9gales - Van Gogh Academy<\/title>\n<meta name=\"robots\" content=\"index, follow, max-snippet:-1, max-image-preview:large, max-video-preview:-1\" \/>\n<link rel=\"canonical\" href=\"https:\/\/academy.vg\/fr\/mentions-legales\/\" \/>\n<meta property=\"og:locale\" content=\"fr_FR\" \/>\n<meta property=\"og:type\" content=\"article\" \/>\n<meta property=\"og:title\" content=\"Mentions l\u00e9gales - Van Gogh Academy\" \/>\n<meta property=\"og:url\" content=\"https:\/\/academy.vg\/fr\/mentions-legales\/\" \/>\n<meta property=\"og:site_name\" content=\"Van Gogh Academy\" \/>\n<meta property=\"article:modified_time\" content=\"2025-03-10T09:37:26+00:00\" \/>\n<meta name=\"twitter:card\" content=\"summary_large_image\" \/>\n<meta name=\"twitter:label1\" content=\"Dur\u00e9e de lecture estim\u00e9e\" \/>\n\t<meta name=\"twitter:data1\" content=\"2 minutes\" \/>\n<script type=\"application\/ld+json\" class=\"yoast-schema-graph\">{\"@context\":\"https:\\\/\\\/schema.org\",\"@graph\":[{\"@type\":\"WebPage\",\"@id\":\"https:\\\/\\\/academy.vg\\\/fr\\\/mentions-legales\\\/\",\"url\":\"https:\\\/\\\/academy.vg\\\/fr\\\/mentions-legales\\\/\",\"name\":\"Mentions l\u00e9gales - Van Gogh Academy\",\"isPartOf\":{\"@id\":\"https:\\\/\\\/academy.vg\\\/fr\\\/#website\"},\"datePublished\":\"2016-07-21T18:22:42+00:00\",\"dateModified\":\"2025-03-10T09:37:26+00:00\",\"inLanguage\":\"fr-FR\",\"potentialAction\":[{\"@type\":\"ReadAction\",\"target\":[\"https:\\\/\\\/academy.vg\\\/fr\\\/mentions-legales\\\/\"]}]},{\"@type\":\"WebSite\",\"@id\":\"https:\\\/\\\/academy.vg\\\/fr\\\/#website\",\"url\":\"https:\\\/\\\/academy.vg\\\/fr\\\/\",\"name\":\"The Van Gogh Academy\",\"description\":\"Des racines aux \u00e9toiles\",\"potentialAction\":[{\"@type\":\"SearchAction\",\"target\":{\"@type\":\"EntryPoint\",\"urlTemplate\":\"https:\\\/\\\/academy.vg\\\/fr\\\/?s={search_term_string}\"},\"query-input\":{\"@type\":\"PropertyValueSpecification\",\"valueRequired\":true,\"valueName\":\"search_term_string\"}}],\"inLanguage\":\"fr-FR\"}]}<\/script>\n<!-- \/ Yoast SEO plugin. -->","yoast_head_json":{"title":"Mentions l\u00e9gales - Van Gogh Academy","robots":{"index":"index","follow":"follow","max-snippet":"max-snippet:-1","max-image-preview":"max-image-preview:large","max-video-preview":"max-video-preview:-1"},"canonical":"https:\/\/academy.vg\/fr\/mentions-legales\/","og_locale":"fr_FR","og_type":"article","og_title":"Mentions l\u00e9gales - Van Gogh Academy","og_url":"https:\/\/academy.vg\/fr\/mentions-legales\/","og_site_name":"Van Gogh Academy","article_modified_time":"2025-03-10T09:37:26+00:00","twitter_card":"summary_large_image","twitter_misc":{"Dur\u00e9e de lecture estim\u00e9e":"2 minutes"},"schema":{"@context":"https:\/\/schema.org","@graph":[{"@type":"WebPage","@id":"https:\/\/academy.vg\/fr\/mentions-legales\/","url":"https:\/\/academy.vg\/fr\/mentions-legales\/","name":"Mentions l\u00e9gales - Van Gogh Academy","isPartOf":{"@id":"https:\/\/academy.vg\/fr\/#website"},"datePublished":"2016-07-21T18:22:42+00:00","dateModified":"2025-03-10T09:37:26+00:00","inLanguage":"fr-FR","potentialAction":[{"@type":"ReadAction","target":["https:\/\/academy.vg\/fr\/mentions-legales\/"]}]},{"@type":"WebSite","@id":"https:\/\/academy.vg\/fr\/#website","url":"https:\/\/academy.vg\/fr\/","name":"The Van Gogh Academy","description":"Des racines aux \u00e9toiles","potentialAction":[{"@type":"SearchAction","target":{"@type":"EntryPoint","urlTemplate":"https:\/\/academy.vg\/fr\/?s={search_term_string}"},"query-input":{"@type":"PropertyValueSpecification","valueRequired":true,"valueName":"search_term_string"}}],"inLanguage":"fr-FR"}]}},"campaignId":"","_links":{"self":[{"href":"https:\/\/academy.vg\/fr\/wp-json\/wp\/v2\/pages\/12813","targetHints":{"allow":["GET"]}}],"collection":[{"href":"https:\/\/academy.vg\/fr\/wp-json\/wp\/v2\/pages"}],"about":[{"href":"https:\/\/academy.vg\/fr\/wp-json\/wp\/v2\/types\/page"}],"author":[{"embeddable":true,"href":"https:\/\/academy.vg\/fr\/wp-json\/wp\/v2\/users\/1"}],"replies":[{"embeddable":true,"href":"https:\/\/academy.vg\/fr\/wp-json\/wp\/v2\/comments?post=12813"}],"version-history":[{"count":0,"href":"https:\/\/academy.vg\/fr\/wp-json\/wp\/v2\/pages\/12813\/revisions"}],"wp:attachment":[{"href":"https:\/\/academy.vg\/fr\/wp-json\/wp\/v2\/media?parent=12813"}],"curies":[{"name":"wp","href":"https:\/\/api.w.org\/{rel}","templated":true}]}}